{"id":80,"date":"2012-01-18T13:27:27","date_gmt":"2012-01-18T13:27:27","guid":{"rendered":"http:\/\/tvtrubschachen.ch.everest.ch-meta.net\/?page_id=80"},"modified":"2023-01-29T10:18:34","modified_gmt":"2023-01-29T09:18:34","slug":"kontakt-mrt","status":"publish","type":"page","link":"https:\/\/www.tvtrubschachen.ch\/?page_id=80","title":{"rendered":"Kontakt MRT"},"content":{"rendered":"<p><span style=\"text-decoration: underline;\">Hauptleiter<br><\/span>Daniel Wittwer<br><br>3436 Zollbr\u00fcck<br><br><\/p>\n<p><span style=\"text-decoration: underline;\">Pr\u00e4sident M\u00e4nnerriege<br><\/span>Samuel Wittwer<br>Kanalweg 33<br>3555 Trubschachen<br>+41 34 402 20 47<br><br><\/p>\n\n\n<p><\/p>\n","protected":false},"excerpt":{"rendered":"<p>HauptleiterDaniel Wittwer 3436 Zollbr\u00fcck Pr\u00e4sident M\u00e4nnerriegeSamuel WittwerKanalweg 333555 Trubschachen+41 34 402 20 47<\/p>\n","protected":false},"author":1,"featured_media":0,"parent":101,"menu_order":0,"comment_status":"closed","ping_status":"closed","template":"","meta":{"ngg_post_thumbnail":0,"_mc_calendar":[],"footnotes":""},"class_list":["post-80","page","type-page","status-publish","hentry"],"_links":{"self":[{"href":"https:\/\/www.tvtrubschachen.ch\/index.php?rest_route=\/wp\/v2\/pages\/80","targetHints":{"allow":["GET"]}}],"collection":[{"href":"https:\/\/www.tvtrubschachen.ch\/index.php?rest_route=\/wp\/v2\/pages"}],"about":[{"href":"https:\/\/www.tvtrubschachen.ch\/index.php?rest_route=\/wp\/v2\/types\/page"}],"author":[{"embeddable":true,"href":"https:\/\/www.tvtrubschachen.ch\/index.php?rest_route=\/wp\/v2\/users\/1"}],"replies":[{"embeddable":true,"href":"https:\/\/www.tvtrubschachen.ch\/index.php?rest_route=%2Fwp%2Fv2%2Fcomments&post=80"}],"version-history":[{"count":17,"href":"https:\/\/www.tvtrubschachen.ch\/index.php?rest_route=\/wp\/v2\/pages\/80\/revisions"}],"predecessor-version":[{"id":25720,"href":"https:\/\/www.tvtrubschachen.ch\/index.php?rest_route=\/wp\/v2\/pages\/80\/revisions\/25720"}],"up":[{"embeddable":true,"href":"https:\/\/www.tvtrubschachen.ch\/index.php?rest_route=\/wp\/v2\/pages\/101"}],"wp:attachment":[{"href":"https:\/\/www.tvtrubschachen.ch\/index.php?rest_route=%2Fwp%2Fv2%2Fmedia&parent=80"}],"curies":[{"name":"wp","href":"https:\/\/api.w.org\/{rel}","templated":true}]}}