{"id":58,"date":"2012-01-18T11:58:23","date_gmt":"2012-01-18T11:58:23","guid":{"rendered":"http:\/\/tvtrubschachen.ch.everest.ch-meta.net\/?page_id=58"},"modified":"2026-04-13T06:11:50","modified_gmt":"2026-04-13T05:11:50","slug":"vereinsrekorde","status":"publish","type":"page","link":"https:\/\/www.tvtrubschachen.ch\/?page_id=58","title":{"rendered":"Vereinsrekorde"},"content":{"rendered":"<table width=\"350\" align=\"center\">\n<tbody>\n<tr>\n<td style=\"text-align: center;\" colspan=\"3\" align=\"center\">Stand:<\/td>\n<\/tr>\n<\/tbody>\n<\/table>\n<table class=\"aligncenter\" border=\"1\" cellspacing=\"1\" align=\"center\">\n<tbody>\n<tr>\n<td colspan=\"6\"><strong>Sprint<\/strong><\/td>\n<\/tr>\n<tr>\n<td>80m<\/td>\n<td>9.26s<br \/>\n9.2s<\/td>\n<td>Bigler Markus, 74<br \/>\nW\u00fcthrich Christian<\/td>\n<td>Sch\u00fcpfheim<br \/>\n?<\/td>\n<td>?<br \/>\n01.01.1972<\/td>\n<td>&#8211;<br \/>\nHandgestoppt<\/td>\n<\/tr>\n<tr>\n<td>100m<\/td>\n<td>11.09s<br \/>\n11.11s<\/td>\n<td>Bigler Markus, 74<br \/>\nBigler Markus, 74<\/td>\n<td>Wasen<br \/>\nInterlaken<\/td>\n<td>04.09.1999<br \/>\n19.06.1999<\/td>\n<td>zuviel Wind<br \/>\n&#8211;<\/td>\n<\/tr>\n<tr>\n<td>200m<\/td>\n<td>23.35s<\/td>\n<td>Bigler Markus, 74<\/td>\n<td>Langenthal<\/td>\n<td>29.07.1998<\/td>\n<td>&#8211;<\/td>\n<\/tr>\n<tr>\n<td>400m<\/td>\n<td>50.2s<br \/>\n50.67s<\/td>\n<td>Bigler Markus, 74<br \/>\nBigler Markus, 74<\/td>\n<td>Hochdorf<br \/>\nMadiswil<\/td>\n<td>25.08.2001<br \/>\n27.06.1998<\/td>\n<td>F\u00fcr SKL gestartet<br \/>\n&#8211;<\/td>\n<\/tr>\n<tr>\n<td>800m<\/td>\n<td>1.57.5min<br \/>\n2.02.03<\/td>\n<td>W\u00fcthrich Christian<br \/>\nBigler Markus, 74<\/td>\n<td>?<br \/>\nEtf Frauenfeld<\/td>\n<td>01.01.1974<br \/>\n25.06.2007<\/td>\n<td>&#8211;<br \/>\n&#8211;<\/td>\n<\/tr>\n<tr>\n<td>1000m<\/td>\n<td>2.38.00min<br \/>\n2.39.00min<br \/>\n2.41.50min<\/td>\n<td>Bigler Markus, 74<br \/>\nBlunier Martin, 51<br \/>\nBlaser Michael, 78<\/td>\n<td>Trub<br \/>\nBern<br \/>\nBellinzona<\/td>\n<td>16.09.1995<br \/>\n01.01.1976<br \/>\n14.09.1997<\/td>\n<td>Nicht regelkonforme Anlage<br \/>\nHandgestoppt<br \/>\n&#8211;<\/td>\n<\/tr>\n<tr>\n<td>1500m<\/td>\n<td>4.11.00min<br \/>\n4.16.00min<\/td>\n<td>Jakob Peter<br \/>\nHerrmann Markus<\/td>\n<td>Dornbirn<br \/>\n?<\/td>\n<td>01.01.1976<br \/>\n01.01.1973<\/td>\n<td>Handgestoppt<br \/>\nHandgestoppt<\/td>\n<\/tr>\n<tr>\n<td>3000m<\/td>\n<td>9.11.00min<\/td>\n<td>Jakob Peter<\/td>\n<td>Bern<\/td>\n<td>01.01.1976<\/td>\n<td>Handgestoppt<\/td>\n<\/tr>\n<tr>\n<td>5000m<\/td>\n<td>16.31.53min<\/td>\n<td>Jakob Peter<\/td>\n<td>Wil<\/td>\n<td>01.01.1978<\/td>\n<td>&#8211;<\/td>\n<\/tr>\n<tr>\n<td>110m H\u00fcrden<\/td>\n<td>15.54s<br \/>\n15.61s<br \/>\n15.72s<\/td>\n<td>Bigler Markus, 74<br \/>\nBigler Markus, 74<br \/>\nBigler Markus, 74<\/td>\n<td>Hochdorf<br \/>\nR\u00fcegsauschachen<br \/>\nMadiswil<\/td>\n<td>26.08.2001<br \/>\n19.05.2001<br \/>\n27.06.1998<\/td>\n<td>F\u00fcr SKL gestartet<br \/>\nF\u00fcr SKL gestartet<br \/>\n&#8211;<\/td>\n<\/tr>\n<tr>\n<td>300m H\u00fcrden<\/td>\n<td>39.88s<\/td>\n<td>Bigler Markus, 74<\/td>\n<td>Langenthal<\/td>\n<td>24.05.2001<\/td>\n<td>F\u00fcr SKL gestartet<\/td>\n<\/tr>\n<tr>\n<td>400m H\u00fcrden<\/td>\n<td>58.84s<\/td>\n<td>Bigler Markus, 74<\/td>\n<td>Thun<\/td>\n<td>18.08.2007<\/td>\n<td>F\u00fcr SKL gestartet<\/td>\n<\/tr>\n<tr>\n<td>4x100m<\/td>\n<td>45.34s<\/td>\n<td>R\u00f6thlisberger Boris<br \/>\nBigler Markus<br \/>\nStettler Roland<br \/>\nFelder Ren\u00e9<\/td>\n<td>?<\/td>\n<td>01.01.1994<\/td>\n<td>&#8211;<\/td>\n<\/tr>\n<tr>\n<td colspan=\"6\"><strong>Sprung<\/strong><\/td>\n<\/tr>\n<tr>\n<td>Weitsprung<\/td>\n<td>6.93m<\/td>\n<td>Bigler Markus, 74<\/td>\n<td>Teufen<\/td>\n<td>30.06.2001<\/td>\n<td>&#8211;<\/td>\n<\/tr>\n<tr>\n<td>Hochsprung<\/td>\n<td>2.00m<\/td>\n<td>Bigler Markus, 74<\/td>\n<td>B\u00e4rau<\/td>\n<td>29.05.1998<\/td>\n<td>&#8211;<\/td>\n<\/tr>\n<tr>\n<td>Stabhochsprung<\/td>\n<td>4.20m<br \/>\n4.15m<\/td>\n<td>Bigler Markus, 74<br \/>\nBigler Markus, 74<\/td>\n<td>Thun<br \/>\nBern<\/td>\n<td>18.08.2007<br \/>\n17.07.2004<\/td>\n<td>F\u00fcr SKL gestartet<br \/>\n&#8211;<\/td>\n<\/tr>\n<tr>\n<td colspan=\"6\"><strong>Wurf<\/strong><\/td>\n<\/tr>\n<tr>\n<td>Weitwurf 500g<\/td>\n<td>78.4m<\/td>\n<td>Kurth Hanspeter, 50<\/td>\n<td>?<\/td>\n<td>01.01.1983<\/td>\n<td>&#8211;<\/td>\n<\/tr>\n<tr>\n<td>Speer 800g<\/td>\n<td>58.5m<br \/>\n47.15m<\/td>\n<td>Kurth Hanspeter, 50<br \/>\nBigler Markus, 74<\/td>\n<td>?<br \/>\nLandquart<\/td>\n<td>01.01.1976<br \/>\n13.06.2004<\/td>\n<td>alter Speer<br \/>\n&#8211;<\/td>\n<\/tr>\n<tr>\n<td>Schleuderball 1.5kg<\/td>\n<td>58.54m<\/td>\n<td>Bigler Markus, 74<\/td>\n<td>ETF Aarau<\/td>\n<td>20.06.2019<\/td>\n<td>&#8211;<\/td>\n<\/tr>\n<tr>\n<td>Diskus 2kg<\/td>\n<td>40.15m<\/td>\n<td>Merz Patrick<\/td>\n<td>Langenthal<\/td>\n<td>15.08.1998<\/td>\n<td>&#8211;<\/td>\n<\/tr>\n<tr>\n<td>Kugel 5kg<\/td>\n<td>17.50m<br \/>\n17.01m<\/td>\n<td>Merz Patrick<br \/>\nMerz Patrick<\/td>\n<td>Madiswil<br \/>\nB\u00e4tterkinden<\/td>\n<td>27.06.1998<br \/>\n24.05.1998<\/td>\n<td>Nicht regelkonforme Anlage<br \/>\n&#8211;<\/td>\n<\/tr>\n<tr>\n<td>Kugel 7.26kg<\/td>\n<td>13.14m<\/td>\n<td>Merz Patrick<\/td>\n<td>Langenthal<\/td>\n<td>15.08.1998<\/td>\n<td>&#8211;<\/td>\n<\/tr>\n<tr>\n<td>Stein 10kg<\/td>\n<td>10.99m<\/td>\n<td>Kr\u00e4henb\u00fchl Thomas, 78<\/td>\n<td>SM Elgg<\/td>\n<td>15.09.2018<\/td>\n<td>Kat. Senioren<\/td>\n<\/tr>\n<tr>\n<td>Stein 12.5kg<\/td>\n<td>10.04m<\/td>\n<td>Kr\u00e4henb\u00fchl Thomas, 78<\/td>\n<td>Utzenstorf<\/td>\n<td>26.06.2010<\/td>\n<td>&#8211;<\/td>\n<\/tr>\n<tr>\n<td>Stein 18kg<\/td>\n<td>7.38m<\/td>\n<td>Kr\u00e4henb\u00fchl Thomas, 78<\/td>\n<td>SM Elgg<\/td>\n<td>15.09.2018<\/td>\n<td>&#8211;<\/td>\n<\/tr>\n<tr>\n<td>Stein 30kg<\/td>\n<td>5.05m<\/td>\n<td>Kaufmann Stefan, 80<\/td>\n<td>Trubschachen<\/td>\n<td>2003<\/td>\n<td>Risisegg Chilbi<\/td>\n<\/tr>\n<tr>\n<td colspan=\"6\"><strong>Mehrkampf<\/strong><\/td>\n<\/tr>\n<tr>\n<td>10 Kampf<\/td>\n<td>6551 Pkt.<\/td>\n<td>Bigler Markus, 74<\/td>\n<td>Hochdorf<\/td>\n<td>28.09.2003<\/td>\n<td>11.51\/6.44\/11.31\/ 1.88\/50.78\/15.61\/ 34.84\/3.90\/44.33\/ 4.45.61 F\u00fcr SKL gestartet<\/td>\n<\/tr>\n<tr>\n<td>&nbsp;<\/td>\n<td>&nbsp;<\/td>\n<td>&nbsp;<\/td>\n<td>&nbsp;<\/td>\n<td>&nbsp;<\/td>\n<td>&nbsp;<\/td>\n<\/tr>\n<tr>\n<td>&nbsp;<\/td>\n<td>&nbsp;<\/td>\n<td>&nbsp;<\/td>\n<td>&nbsp;<\/td>\n<td>&nbsp;<\/td>\n<td>&nbsp;<\/td>\n<\/tr>\n<tr>\n<td colspan=\"6\"><strong>LMM<\/strong><\/td>\n<\/tr>\n<tr>\n<td>LMM<\/td>\n<td>14588 Pkt.<\/td>\n<td>Bigler Markus 3940<br \/>\nHaldemann Peter 3625<br \/>\nStettler Roland 3454<br \/>\nBlaser Michael 3478<\/td>\n<td>Bellinzona<\/td>\n<td>15.09.1997<\/td>\n<td>&#8211;<\/td>\n<\/tr>\n<tr>\n<td colspan=\"6\"><strong>Turnfest<\/strong><\/td>\n<\/tr>\n<tr>\n<td>3 -teilig<\/td>\n<td>28.38<\/td>\n<td>HO:9.00(4)\/KUG:9.68(4)<br \/>\nSB:9.90(8)<br \/>\n800:8.87(4)\/STS:9.40(4)<\/td>\n<td>Utzenstorf<\/td>\n<td>26.06.2010<\/td>\n<td>&#8211;<\/td>\n<\/tr>\n<tr>\n<td>4 -teilig<\/td>\n<td>36.6<\/td>\n<td>PS:9.08<br \/>\nKU:9.71\/WE8.59<br \/>\nSPE:9.80\/HO:8.40<br \/>\nSB:9.34\/1000:9.32<\/td>\n<td>Wilderswil<\/td>\n<td>21.06.1997<\/td>\n<td>&#8211;<\/td>\n<\/tr>\n<tr>\n<td colspan=\"6\"><strong>L\u00e4ufe<\/strong><\/td>\n<\/tr>\n<tr>\n<td>Papilouf<\/td>\n<td>11.57min<\/td>\n<td>Jakob Peter<\/td>\n<td>Nieder\u00e4nzi<\/td>\n<td>?<\/td>\n<td>&#8211;<\/td>\n<\/tr>\n<tr>\n<td>Test-Lauf<\/td>\n<td>23.51min<\/td>\n<td>Jakob Thomas, 88<\/td>\n<td>Trubschachen- B\u00e4rau<\/td>\n<td>22.04.2015<\/td>\n<td>&#8211;<\/td>\n<\/tr>\n<tr>\n<td>Murtenlauf<\/td>\n<td>1.02 Std<\/td>\n<td>Jakob Peter<\/td>\n<td>Murten- Freiburg<\/td>\n<td>01.10.1978<\/td>\n<td>&#8211;<\/td>\n<\/tr>\n<tr>\n<td>Marathon<\/td>\n<td>2.58 Std<br \/>\n3.09.36<\/td>\n<td>Jakob Alfred<br \/>\nJakob Thomas, 88<\/td>\n<td>Biel<br \/>\nLuzern<\/td>\n<td>02.06.1985<br \/>\n31.10.2010<\/td>\n<td>&#8211;<br \/>\n&#8211;<\/td>\n<\/tr>\n<tr>\n<td>GP Bern<\/td>\n<td>1.00.24 Std<\/td>\n<td>Jakob Peter<\/td>\n<td>Bern<\/td>\n<td>22.05.1982<\/td>\n<td>&#8211;<\/td>\n<\/tr>\n<\/tbody>\n<\/table>\n<table border=\"0\" width=\"650\" cellspacing=\"0\" cellpadding=\"0\" align=\"center\">\n<tbody>\n<tr>\n<td colspan=\"2\" align=\"center\">\n<h1><span style=\"color: #0145a1;\">Turner(in) des Jahres<\/span><\/h1>\n<\/td>\n<\/tr>\n<tr>\n<td colspan=\"2\">\n<div align=\"center\"><span style=\"font-size: medium;\">Seit 2010 wird auf Initiative des Oberturners Markus Bigler anl\u00e4sslich der HV jeweils der Turner des Jahres gew\u00e4hlt. Nominiert f\u00fcr diese Wahl sind ausserordentliche Leistung des<br \/>\nvergangenen Jahres. Zum Beispiel extrem viele Treffer in der Korbballsaison, Pers\u00f6nliche Bestleistungen oder andere nicht allt\u00e4gliche Leistungen.<\/span><\/div>\n<\/td>\n<\/tr>\n<tr>\n<td colspan=\"2\">&nbsp;<\/td>\n<\/tr>\n<tr>\n<td colspan=\"2\">\n<table style=\"height: 540px;\" border=\"0\" width=\"573\" cellspacing=\"0\" cellpadding=\"0\" align=\"center\">\n<tbody>\n<tr>\n<td>\n<div align=\"center\"><span style=\"font-size: medium;\">2025<\/span><\/div>\n<\/td>\n<td>\n<div align=\"center\"><span style=\"font-size: medium;\">Markus Bigler<\/span><\/div>\n<\/td>\n<td>\n<div align=\"center\"><span style=\"font-size: medium;\">1. Rang ETF Lausanne mit dem Punktemaximum von 30.0 Punkten!<\/span><\/div>\n<\/td>\n<\/tr>\n<tr>\n<td>\n<div align=\"center\"><span style=\"font-size: medium;\">2024<\/span><\/div>\n<\/td>\n<td>\n<div align=\"center\"><span style=\"font-size: medium;\">Nicola M\u00fcrner<\/span><\/div>\n<\/td>\n<td>\n<div align=\"center\"><span style=\"font-size: medium;\">1. Fr\u00fchlingsmeisterschaft R\u00fcegsauschachen<br \/>\n5835 Pkt. 10 Kampf Landquart<br \/>\n4x Note 10 an Turnfesten<br \/>\n1. Herbstmehrkampf Wasen<\/span><\/div>\n<\/td>\n<\/tr>\n<tr>\n<td>\n<div align=\"center\"><span style=\"font-size: medium;\">2023<\/span><\/div>\n<\/td>\n<td>\n<div align=\"center\"><span style=\"font-size: medium;\">Simon Kobel<\/span><\/div>\n<\/td>\n<td>\n<div align=\"center\"><span style=\"font-size: medium;\">1. Rang Kat. M40 VTF Wangen a.A.<\/span><\/div>\n<\/td>\n<\/tr>\n<tr>\n<td>\n<div align=\"center\"><span style=\"font-size: medium;\">2022<\/span><\/div>\n<\/td>\n<td>\n<div align=\"center\"><span style=\"font-size: medium;\">Nicole Chevallaz<\/span><\/div>\n<\/td>\n<td>\n<div align=\"center\"><span style=\"font-size: medium;\">2. KTF Lyss<br \/>\nNote 10 Hochsprung KTF Lyss<br \/>\n4. Schlussturnen Trubschachen<\/span><\/div>\n<\/td>\n<\/tr>\n<tr>\n<td>\n<div align=\"center\"><span style=\"font-size: medium;\">2021<\/span><\/div>\n<\/td>\n<td>\n<div align=\"center\"><span style=\"font-size: medium;\">Nicola M\u00fcrner<\/span><\/div>\n<\/td>\n<td>\n<div align=\"center\"><span style=\"font-size: medium;\">6.15m Weitsprung<br \/>\n1.75m Hochsprung<\/span><\/div>\n<\/td>\n<\/tr>\n<tr>\n<td>\n<div align=\"center\"><span style=\"font-size: medium;\">2020<\/span><\/div>\n<\/td>\n<td>\n<div align=\"center\"><span style=\"font-size: medium;\">Markus Bigler<\/span><\/div>\n<\/td>\n<td>\n<div align=\"center\"><span style=\"font-size: medium;\">2. Rang am Schlussturnen Langnau mit 120Pkt<br \/>\nSieg am TV OL Hegenwald<\/span><\/div>\n<\/td>\n<\/tr>\n<tr>\n<td>\n<div align=\"center\"><span style=\"font-size: medium;\">2019<\/span><\/div>\n<\/td>\n<td>\n<div align=\"center\"><span style=\"font-size: medium;\">Markus Bigler<\/span><\/div>\n<\/td>\n<td>\n<div align=\"center\"><span style=\"font-size: medium;\">Vereinsrekord Schleuderball (58.54m) am ETF 2019 in Aarau<br \/>\nSieg am Schlussturnen B\u00e4rau<\/span><\/div>\n<\/td>\n<\/tr>\n<tr>\n<td>\n<div align=\"center\"><span style=\"font-size: medium;\">2018<\/span><\/div>\n<\/td>\n<td>\n<div align=\"center\"><span style=\"font-size: medium;\">Thomas Kr\u00e4henb\u00fchl<\/span><\/div>\n<\/td>\n<td>\n<div align=\"center\"><span style=\"font-size: medium;\">6. Rang SM Steinstossen in Elgg ZH<\/span><\/div>\n<\/td>\n<\/tr>\n<tr>\n<td>\n<div align=\"center\"><span style=\"font-size: medium;\">2017<\/span><\/div>\n<\/td>\n<td>\n<div align=\"center\"><span style=\"font-size: medium;\">Severine Moser<\/span><\/div>\n<\/td>\n<td>\n<div align=\"center\"><span style=\"font-size: medium;\">Weitwurf mit 44.22m, Note 10.00, Turnfest Wattwil<\/span><\/div>\n<\/td>\n<\/tr>\n<tr>\n<td>\n<div align=\"center\"><span style=\"font-size: medium;\">2016<\/span><\/div>\n<\/td>\n<td>\n<div align=\"center\"><span style=\"font-size: medium;\">Michelle Moser<\/span><\/div>\n<\/td>\n<td>\n<div align=\"center\"><span style=\"font-size: medium;\">Schleuderball Note 10.00, Fr\u00fchlingsmeisterschaften<\/span><\/div>\n<\/td>\n<\/tr>\n<tr>\n<td>\n<div align=\"center\"><span style=\"font-size: medium;\">2015<\/span><\/div>\n<\/td>\n<td>\n<div align=\"center\"><span style=\"font-size: medium;\">Michael Blaser<\/span><\/div>\n<\/td>\n<td>\n<div align=\"center\"><span style=\"font-size: medium;\">1000m in 2:49:00 am Freundschaftsturnen Langnau<\/span><\/div>\n<\/td>\n<\/tr>\n<tr>\n<td>\n<div align=\"center\"><span style=\"font-size: medium;\">2014<\/span><\/div>\n<\/td>\n<td>\n<div align=\"center\"><span style=\"font-size: medium;\">Markus Bigler<\/span><\/div>\n<\/td>\n<td>\n<div align=\"center\"><span style=\"font-size: medium;\">1. Turnfest Einzel Senioren in Roggwil<br \/>\n1. Freundschaftsturnen im B\u00e4rau<\/span><\/div>\n<\/td>\n<\/tr>\n<tr>\n<td>\n<div align=\"center\"><span style=\"font-size: medium;\">2013<\/span><\/div>\n<\/td>\n<td>\n<div align=\"center\"><span style=\"font-size: medium;\">Patrick Zaugg<\/span><\/div>\n<\/td>\n<td>\n<div align=\"center\"><span style=\"font-size: medium;\">PB im Steinstossen am ETF mit 9.12m<\/span><\/div>\n<\/td>\n<\/tr>\n<tr>\n<td>\n<div align=\"center\"><span style=\"font-size: medium;\">2012<\/span><\/div>\n<\/td>\n<td>\n<div align=\"center\"><span style=\"font-size: medium;\">Thomas Jakob<\/span><\/div>\n<\/td>\n<td>\n<div align=\"center\"><span style=\"font-size: medium;\">3x PB im Mehrkampf-Einzel am OTF Gstaad<\/span><\/div>\n<\/td>\n<\/tr>\n<tr>\n<td>\n<div align=\"center\"><span style=\"font-size: medium;\">2011<\/span><\/div>\n<\/td>\n<td>\n<div align=\"center\"><span style=\"font-size: medium;\">Thomas Kr\u00e4henb\u00fchl<\/span><\/div>\n<\/td>\n<td>\n<div align=\"center\"><span style=\"font-size: medium;\">Vereinsrekord Schleuderball&nbsp; (58.36m) am Turnfest Bottighofen<\/span><\/div>\n<\/td>\n<\/tr>\n<tr>\n<td>\n<div align=\"center\"><span style=\"font-size: medium;\">2010<\/span><\/div>\n<\/td>\n<td>\n<div align=\"center\"><span style=\"font-size: medium;\">Thomas Kr\u00e4henb\u00fchl<\/span><\/div>\n<\/td>\n<td>\n<div align=\"center\"><span style=\"font-size: medium;\">3 x die Note 10.0 am Kantonalen Turnfest 2010<\/span><\/div>\n<\/td>\n<\/tr>\n<\/tbody>\n<\/table>\n<\/td>\n<\/tr>\n<tr>\n<td colspan=\"2\">&nbsp;<\/td>\n<\/tr>\n<\/tbody>\n<\/table>\n","protected":false},"excerpt":{"rendered":"<p>Stand: Sprint 80m 9.26s 9.2s Bigler Markus, 74 W\u00fcthrich Christian Sch\u00fcpfheim ? ? 01.01.1972 &#8211; Handgestoppt 100m 11.09s 11.11s Bigler Markus, 74 Bigler Markus, 74 Wasen Interlaken 04.09.1999 19.06.1999 zuviel Wind &#8211; 200m 23.35s Bigler Markus, 74 Langenthal 29.07.1998 &#8211; <a class=\"more-link\" href=\"https:\/\/www.tvtrubschachen.ch\/?page_id=58\"><span class=\"screen-reader-text\">  Vereinsrekorde<\/span> weiterlesen<span class=\"meta-nav\">&rarr;<\/span><\/a><\/p>\n","protected":false},"author":1,"featured_media":0,"parent":0,"menu_order":0,"comment_status":"closed","ping_status":"closed","template":"page-fullwidth.php","meta":{"ngg_post_thumbnail":0,"_mc_calendar":[],"footnotes":""},"class_list":["post-58","page","type-page","status-publish","hentry"],"_links":{"self":[{"href":"https:\/\/www.tvtrubschachen.ch\/index.php?rest_route=\/wp\/v2\/pages\/58","targetHints":{"allow":["GET"]}}],"collection":[{"href":"https:\/\/www.tvtrubschachen.ch\/index.php?rest_route=\/wp\/v2\/pages"}],"about":[{"href":"https:\/\/www.tvtrubschachen.ch\/index.php?rest_route=\/wp\/v2\/types\/page"}],"author":[{"embeddable":true,"href":"https:\/\/www.tvtrubschachen.ch\/index.php?rest_route=\/wp\/v2\/users\/1"}],"replies":[{"embeddable":true,"href":"https:\/\/www.tvtrubschachen.ch\/index.php?rest_route=%2Fwp%2Fv2%2Fcomments&post=58"}],"version-history":[{"count":31,"href":"https:\/\/www.tvtrubschachen.ch\/index.php?rest_route=\/wp\/v2\/pages\/58\/revisions"}],"predecessor-version":[{"id":28759,"href":"https:\/\/www.tvtrubschachen.ch\/index.php?rest_route=\/wp\/v2\/pages\/58\/revisions\/28759"}],"wp:attachment":[{"href":"https:\/\/www.tvtrubschachen.ch\/index.php?rest_route=%2Fwp%2Fv2%2Fmedia&parent=58"}],"curies":[{"name":"wp","href":"https:\/\/api.w.org\/{rel}","templated":true}]}}